{"id":136,"date":"2016-03-22T08:47:30","date_gmt":"2016-03-22T08:47:30","guid":{"rendered":"http:\/\/www.elogweb.it\/?page_id=136"},"modified":"2016-03-23T09:31:49","modified_gmt":"2016-03-23T09:31:49","slug":"under-construction","status":"publish","type":"page","link":"https:\/\/www.elogweb.it\/index.php\/under-construction\/","title":{"rendered":"Under Construction"},"content":{"rendered":"<p>Questa funzionalit\u00e0 non \u00e8 ancora pronta ma stiamo lavorando per renderla disponibile al pi\u00f9 presto.<\/p>\n<p><img loading=\"lazy\" decoding=\"async\" class=\"alignnone wp-image-137\" src=\"http:\/\/www.elogweb.it\/wp-content\/uploads\/2016\/03\/under_construction-300x158.png\" alt=\"under_construction\" width=\"777\" height=\"409\" srcset=\"https:\/\/www.elogweb.it\/wp-content\/uploads\/2016\/03\/under_construction-300x158.png 300w, https:\/\/www.elogweb.it\/wp-content\/uploads\/2016\/03\/under_construction-768x404.png 768w, https:\/\/www.elogweb.it\/wp-content\/uploads\/2016\/03\/under_construction-1024x538.png 1024w, https:\/\/www.elogweb.it\/wp-content\/uploads\/2016\/03\/under_construction.png 1280w\" sizes=\"auto, (max-width: 777px) 100vw, 777px\" \/><\/p>\n","protected":false},"excerpt":{"rendered":"<p>Questa funzionalit\u00e0 non \u00e8 ancora pronta ma stiamo lavorando per renderla disponibile al pi\u00f9 presto.<\/p>\n","protected":false},"author":1,"featured_media":0,"parent":0,"menu_order":0,"comment_status":"closed","ping_status":"closed","template":"","meta":{"footnotes":""},"class_list":["post-136","page","type-page","status-publish","hentry"],"_links":{"self":[{"href":"https:\/\/www.elogweb.it\/index.php\/wp-json\/wp\/v2\/pages\/136","targetHints":{"allow":["GET"]}}],"collection":[{"href":"https:\/\/www.elogweb.it\/index.php\/wp-json\/wp\/v2\/pages"}],"about":[{"href":"https:\/\/www.elogweb.it\/index.php\/wp-json\/wp\/v2\/types\/page"}],"author":[{"embeddable":true,"href":"https:\/\/www.elogweb.it\/index.php\/wp-json\/wp\/v2\/users\/1"}],"replies":[{"embeddable":true,"href":"https:\/\/www.elogweb.it\/index.php\/wp-json\/wp\/v2\/comments?post=136"}],"version-history":[{"count":1,"href":"https:\/\/www.elogweb.it\/index.php\/wp-json\/wp\/v2\/pages\/136\/revisions"}],"predecessor-version":[{"id":138,"href":"https:\/\/www.elogweb.it\/index.php\/wp-json\/wp\/v2\/pages\/136\/revisions\/138"}],"wp:attachment":[{"href":"https:\/\/www.elogweb.it\/index.php\/wp-json\/wp\/v2\/media?parent=136"}],"curies":[{"name":"wp","href":"https:\/\/api.w.org\/{rel}","templated":true}]}}