{"id":38,"date":"2016-03-18T22:03:30","date_gmt":"2016-03-18T22:03:30","guid":{"rendered":"http:\/\/www.elogweb.it\/?page_id=38"},"modified":"2016-07-19T16:19:11","modified_gmt":"2016-07-19T16:19:11","slug":"gestione-economica","status":"publish","type":"page","link":"https:\/\/www.elogweb.it\/index.php\/gestione-economica\/","title":{"rendered":"Gestione"},"content":{"rendered":"<p style=\"text-align: justify;\">eLog consente di monitorare costantemente i flussi di entrata e di uscita generati rispettivamente dai pagamenti dei clienti e dall&#8217;impiego degli insegnanti.<\/p>\n<p><strong>RICARICHE<\/strong><\/p>\n<p style=\"text-align: justify;\">eLog gestisce i clienti come se avessero delle carte a punti prepagate. A fronte dell&#8217;iscrizione ad un corso di 10 lezioni, ad esempio la segreteria pu\u00f2 decidere di<\/p>\n<ul>\n<li>\n<p style=\"text-align: justify;\">esigere il pagamento dell&#8217;intero corso. In questo caso la carta del cliente viene caricata con tutti i punti necessari per lo svolgimento delle 10 lezioni<\/p>\n<\/li>\n<li>\n<p style=\"text-align: justify;\">accettare un acconto equivalente all&#8217;effettuazione di un numero limitato di lezioni. In questo caso la carta del cliente viene caricata con i punti necessari per lo svolgimento del numero di lezioni pagate<\/p>\n<\/li>\n<li>\n<p style=\"text-align: justify;\">permettere la partecipazione alle lezioni senza nessun acconto. In questo caso la carta del cliente non viene caricata e star\u00e0 sempre in negativo finch\u00e9 non effettuer\u00e0 la prima ricarica<\/p>\n<\/li>\n<\/ul>\n<p style=\"text-align: justify;\">Ogni ricarica pu\u00f2 essere considerata come un movimento in entrata. eLog d\u00e0 la possibilit\u00e0 di scegliere tra una gestione normale, con la registrazione in moneta delle entrate ed una gestione di carte a punti. Sar\u00e0 l&#8217;amministrazione a dare un significato al punteggio. Per eLog l&#8217;importante \u00e8 che il cliente abbia sempre un punteggio caricato sulla carta tale da garantirgli il diritto di partecipare alle lezioni, fermi restando gli accordi presi con la scuola, ovviamente.<br \/>\nSia la segreteria che i clienti hanno la possibilit\u00e0 di consultare lo stato delle ricariche. In particolare la segreteria avr\u00e0 sempre l&#8217;evidenza dello stato del cliente tramite una legenda con colorazione intuitiva di riferimento che pu\u00f2 trovare sia sull&#8217;anagrafica del cliente sia all&#8217;interno del calendario delle lezioni. Il rosso indica una situazione di &#8216;insolvenza&#8217; mentre il verde indica una situazione regolare.<\/p>\n<p style=\"text-align: justify;\"><a href=\"http:\/\/www.elogweb.it\/wp-content\/uploads\/2016\/03\/Calendario.png\" rel=\"lightbox[38]\"><img loading=\"lazy\" decoding=\"async\" class=\"alignleft wp-image-194\" src=\"http:\/\/www.elogweb.it\/wp-content\/uploads\/2016\/03\/Calendario.png\" alt=\"Calendario\" width=\"770\" height=\"576\" srcset=\"https:\/\/www.elogweb.it\/wp-content\/uploads\/2016\/03\/Calendario.png 1274w, https:\/\/www.elogweb.it\/wp-content\/uploads\/2016\/03\/Calendario-300x225.png 300w, https:\/\/www.elogweb.it\/wp-content\/uploads\/2016\/03\/Calendario-768x575.png 768w, https:\/\/www.elogweb.it\/wp-content\/uploads\/2016\/03\/Calendario-1024x767.png 1024w\" sizes=\"auto, (max-width: 770px) 100vw, 770px\" \/><\/a><br \/>\nNel caso del calendario, se nella casellina relativa alla lezione per una sessione di corso di una classe (singola o multipla) c&#8217;\u00e8 un pallino rosso, significa che esiste almeno un allievo non in regola con i pagamenti. Cliccando su tale pallino si avr\u00e0 il dettaglio di quali e quanti allievi non sono in regola.<br \/>\nLa possibilit\u00e0 di inviare solleciti via mail o via SMS aiuta in modo significativo la segreteria a mantenere in regola i conti ma soprattutto a tenere i rapporti con i clienti trasparenti e cordiali, evitando spiacevoli contestazioni dall&#8217;una o dall&#8217;altra parte.<\/p>\n<p>&nbsp;<\/p>\n<p><a href=\"http:\/\/www.elogweb.it\/wp-content\/uploads\/2016\/03\/Elenco_Insolventi.png\" rel=\"lightbox[38]\"><img loading=\"lazy\" decoding=\"async\" class=\"alignnone wp-image-89\" src=\"http:\/\/www.elogweb.it\/wp-content\/uploads\/2016\/03\/Elenco_Insolventi-300x122.png\" alt=\"Elenco_Insolventi\" width=\"780\" height=\"317\" srcset=\"https:\/\/www.elogweb.it\/wp-content\/uploads\/2016\/03\/Elenco_Insolventi-300x122.png 300w, https:\/\/www.elogweb.it\/wp-content\/uploads\/2016\/03\/Elenco_Insolventi.png 507w\" sizes=\"auto, (max-width: 780px) 100vw, 780px\" \/><\/a><\/p>\n","protected":false},"excerpt":{"rendered":"<p>eLog consente di monitorare costantemente i flussi di entrata e di uscita generati rispettivamente dai pagamenti dei clienti e dall&#8217;impiego degli insegnanti. RICARICHE eLog gestisce i clienti come se avessero delle carte a punti prepagate. A fronte dell&#8217;iscrizione ad un corso di 10 lezioni, ad esempio la segreteria pu\u00f2 decidere di esigere il pagamento dell&#8217;intero [&hellip;]<\/p>\n","protected":false},"author":1,"featured_media":0,"parent":0,"menu_order":2,"comment_status":"closed","ping_status":"closed","template":"","meta":{"footnotes":""},"class_list":["post-38","page","type-page","status-publish","hentry"],"_links":{"self":[{"href":"https:\/\/www.elogweb.it\/index.php\/wp-json\/wp\/v2\/pages\/38","targetHints":{"allow":["GET"]}}],"collection":[{"href":"https:\/\/www.elogweb.it\/index.php\/wp-json\/wp\/v2\/pages"}],"about":[{"href":"https:\/\/www.elogweb.it\/index.php\/wp-json\/wp\/v2\/types\/page"}],"author":[{"embeddable":true,"href":"https:\/\/www.elogweb.it\/index.php\/wp-json\/wp\/v2\/users\/1"}],"replies":[{"embeddable":true,"href":"https:\/\/www.elogweb.it\/index.php\/wp-json\/wp\/v2\/comments?post=38"}],"version-history":[{"count":22,"href":"https:\/\/www.elogweb.it\/index.php\/wp-json\/wp\/v2\/pages\/38\/revisions"}],"predecessor-version":[{"id":195,"href":"https:\/\/www.elogweb.it\/index.php\/wp-json\/wp\/v2\/pages\/38\/revisions\/195"}],"wp:attachment":[{"href":"https:\/\/www.elogweb.it\/index.php\/wp-json\/wp\/v2\/media?parent=38"}],"curies":[{"name":"wp","href":"https:\/\/api.w.org\/{rel}","templated":true}]}}