{"id":44,"date":"2016-03-18T22:04:43","date_gmt":"2016-03-18T22:04:43","guid":{"rendered":"http:\/\/www.elogweb.it\/?page_id=44"},"modified":"2016-03-23T09:30:49","modified_gmt":"2016-03-23T09:30:49","slug":"soddisfazione","status":"publish","type":"page","link":"https:\/\/www.elogweb.it\/index.php\/soddisfazione\/","title":{"rendered":"Soddisfazione"},"content":{"rendered":"<p>Con eLog non ci saranno pi\u00f9 spiacevoli situazione di incomprensione con i clienti o con gli insegnanti, perch\u00e9 ogni operazione viene svolta in trasparenza ed \u00e8 consultabile da internet previa autorizzazione concessa dalla segreteria<br \/>\n<a href=\"http:\/\/www.elogweb.it\/wp-content\/uploads\/2016\/03\/hand-819279_640.jpg\" rel=\"lightbox[44]\"><img loading=\"lazy\" decoding=\"async\" class=\"alignleft wp-image-113\" src=\"http:\/\/www.elogweb.it\/wp-content\/uploads\/2016\/03\/hand-819279_640-300x199.jpg\" alt=\"hand-819279_640\" width=\"938\" height=\"622\" srcset=\"https:\/\/www.elogweb.it\/wp-content\/uploads\/2016\/03\/hand-819279_640-300x199.jpg 300w, https:\/\/www.elogweb.it\/wp-content\/uploads\/2016\/03\/hand-819279_640.jpg 640w\" sizes=\"auto, (max-width: 938px) 100vw, 938px\" \/><\/a><\/p>\n","protected":false},"excerpt":{"rendered":"<p>Con eLog non ci saranno pi\u00f9 spiacevoli situazione di incomprensione con i clienti o con gli insegnanti, perch\u00e9 ogni operazione viene svolta in trasparenza ed \u00e8 consultabile da internet previa autorizzazione concessa dalla segreteria<\/p>\n","protected":false},"author":1,"featured_media":0,"parent":0,"menu_order":0,"comment_status":"closed","ping_status":"closed","template":"","meta":{"footnotes":""},"class_list":["post-44","page","type-page","status-publish","hentry"],"_links":{"self":[{"href":"https:\/\/www.elogweb.it\/index.php\/wp-json\/wp\/v2\/pages\/44","targetHints":{"allow":["GET"]}}],"collection":[{"href":"https:\/\/www.elogweb.it\/index.php\/wp-json\/wp\/v2\/pages"}],"about":[{"href":"https:\/\/www.elogweb.it\/index.php\/wp-json\/wp\/v2\/types\/page"}],"author":[{"embeddable":true,"href":"https:\/\/www.elogweb.it\/index.php\/wp-json\/wp\/v2\/users\/1"}],"replies":[{"embeddable":true,"href":"https:\/\/www.elogweb.it\/index.php\/wp-json\/wp\/v2\/comments?post=44"}],"version-history":[{"count":5,"href":"https:\/\/www.elogweb.it\/index.php\/wp-json\/wp\/v2\/pages\/44\/revisions"}],"predecessor-version":[{"id":133,"href":"https:\/\/www.elogweb.it\/index.php\/wp-json\/wp\/v2\/pages\/44\/revisions\/133"}],"wp:attachment":[{"href":"https:\/\/www.elogweb.it\/index.php\/wp-json\/wp\/v2\/media?parent=44"}],"curies":[{"name":"wp","href":"https:\/\/api.w.org\/{rel}","templated":true}]}}